{"id":1785,"date":"2019-03-07T07:48:12","date_gmt":"2019-03-07T07:48:12","guid":{"rendered":"http:\/\/laimer.com.tr\/laimerson\/?page_id=1785"},"modified":"2022-06-22T13:31:55","modified_gmt":"2022-06-22T10:31:55","slug":"hakkimizda","status":"publish","type":"page","link":"https:\/\/laimer.com.tr\/?page_id=1785","title":{"rendered":"Hakk\u0131m\u0131zda"},"content":{"rendered":"<p>[vc_row content_width=&#8221;full-desktop&#8221; equal_height=&#8221;yes&#8221; content_placement=&#8221;middle&#8221; el_class=&#8221;lg-pd-left-right-0&#8243; css=&#8221;.vc_custom_1554190529739{padding-right: 85px !important;padding-bottom: 25px !important;padding-left: 85px !important;}&#8221;][vc_column offset=&#8221;vc_col-lg-offset-0 vc_col-lg-2\/5 vc_col-md-offset-0 vc_col-md-6&#8243;][gsf_space desktop=&#8221;0&#8243; tablet=&#8221;40&#8243; tablet_portrait=&#8221;0&#8243; mobile_landscape=&#8221;0&#8243; mobile=&#8221;0&#8243;][gsf_heading text_align=&#8221;text-left justify-content-start&#8221; space_between=&#8221;11|px&#8221; title=&#8221;TCUyN2FpbWVyJTIwS296bWV0aSVDNCU5RmUlMjBIbyVDNSU5RmdlbGRpbml6&#8243; title_color=&#8221;#000000&#8243; title_font_size=&#8221;48||40|34|30&#8243; title_line_height=&#8221;1|em&#8221; sub_title_font_size=&#8221;12||||&#8221; sub_title_letter_spacing=&#8221;0.3|em&#8221; sub_title_use_theme_fonts=&#8221;&#8221; el_class=&#8221;heading-custom-section&#8221; sub_title=&#8221;%100 YERL\u0130 SERMAYE&#8221; sub_title_typography=&#8221;Lato|700|700|normal&#8221;][gsf_space desktop=&#8221;0&#8243; tablet=&#8221;50&#8243; tablet_portrait=&#8221;50&#8243; mobile_landscape=&#8221;50&#8243; mobile=&#8221;40&#8243;][gsf_banner layout_style=&#8221;style-05&#8243; image=&#8221;4854&#8243;][\/gsf_banner][gsf_space desktop=&#8221;0&#8243; tablet=&#8221;50&#8243; tablet_portrait=&#8221;50&#8243; mobile_landscape=&#8221;50&#8243; mobile=&#8221;40&#8243;][\/vc_column][vc_column offset=&#8221;vc_col-lg-offset-1\/5 vc_col-lg-2\/5 vc_col-md-offset-0 vc_col-md-6&#8243;][vc_column_text el_class=&#8221;fs-18&#8243;]<\/p>\n<p class=\"mg-bottom-30\" style=\"line-height: 28px;\">2020 y\u0131l\u0131n ikinci yar\u0131s\u0131nda ANTALYA Manavgat\u2019ta, %100 yerli sermaye ile kurulmu\u015f olan Laimer<br \/>\nKozmetik \u00dcretim Laboratuvar Hizmetleri ve Tic. Ltd. \u015eti. Laimer Professional markas\u0131 ile kozmetik<br \/>\nsekt\u00f6r\u00fcne giri\u015f yapm\u0131\u015ft\u0131r. \u00dcr\u00fcn gam\u0131nda Parf\u00fcm, Kolonya, V\u00fccut spreyi, Sa\u00e7, V\u00fccut ve Cilt bak\u0131m ve<br \/>\ntemizlik \u00fcr\u00fcnleri yer almaktad\u0131r.<br \/>\nKozmetik \u00fcretimi ISO 22716:2007 Cosmetic-GMP ko\u015fullar\u0131na uygun d\u00fczenlenmi\u015f alanda<br \/>\nger\u00e7ekle\u015ftirilmektedir.<br \/>\nARGE \u00e7al\u0131\u015fmalar\u0131, kalite kontrol ve mikrobiyolojik testleri modern ve teknolojik cihazlarla donat\u0131lm\u0131\u015f<br \/>\nlaboratuvarda, konusunda uzman ve deneyimli bir ekip taraf\u0131ndan yap\u0131lmaktad\u0131r.<\/p>\n<p>[\/vc_column_text][gsf_space desktop=&#8221;100&#8243; tablet=&#8221;70&#8243; tablet_portrait=&#8221;60&#8243; mobile_landscape=&#8221;50&#8243; mobile=&#8221;40&#8243;][vc_row_inner equal_height=&#8221;yes&#8221;][vc_column_inner el_class=&#8221;col-mb-12&#8243; width=&#8221;1\/2&#8243; offset=&#8221;vc_col-xs-6&#8243;][gsf_icon_box icon_type=&#8221;icon&#8221; icon_font=&#8221;fal fa-bolt&#8221; title=&#8221;\u00dcretim ve Sat\u0131\u015f&#8221; subtitle=&#8221;L&#8217;aimer Kozmetik&#8221;][\/gsf_icon_box][gsf_space desktop=&#8221;68&#8243; tablet=&#8221;60&#8243; tablet_portrait=&#8221;50&#8243; mobile_landscape=&#8221;45&#8243; mobile=&#8221;40&#8243;][\/vc_column_inner][vc_column_inner el_class=&#8221;col-mb-12&#8243; width=&#8221;1\/2&#8243; offset=&#8221;vc_col-xs-6&#8243;][gsf_icon_box icon_type=&#8221;icon&#8221; icon_font=&#8221;fal fa-paper-plane&#8221; title=&#8221;\u00dccretsiz Kargo&#8221; subtitle=&#8221;TOPTAN S\u0130PAR\u0130\u015eLER\u0130N\u0130ZDE&#8221;][\/gsf_icon_box][gsf_space desktop=&#8221;68&#8243; tablet=&#8221;60&#8243; tablet_portrait=&#8221;50&#8243; mobile_landscape=&#8221;45&#8243; mobile=&#8221;40&#8243;][\/vc_column_inner][vc_column_inner el_class=&#8221;col-mb-12&#8243; width=&#8221;1\/2&#8243; offset=&#8221;vc_col-xs-6&#8243;][gsf_icon_box icon_type=&#8221;icon&#8221; icon_font=&#8221;fal fa-phone&#8221; title=&#8221;M\u00fc\u015fteri Destek Hatt\u0131&#8221; subtitle=&#8221;7\/24 DESTEK&#8221;][\/gsf_icon_box][gsf_space desktop=&#8221;0&#8243; tablet=&#8221;0&#8243; tablet_portrait=&#8221;0&#8243; mobile_landscape=&#8221;0&#8243; mobile=&#8221;40&#8243;][\/vc_column_inner][vc_column_inner el_class=&#8221;col-mb-12&#8243; width=&#8221;1\/2&#8243; offset=&#8221;vc_col-xs-6&#8243;][gsf_icon_box icon_type=&#8221;icon&#8221; icon_font=&#8221;fal fa-link&#8221; title=&#8221;G\u00fcvenli \u00d6deme Sistemi&#8221; subtitle=&#8221;%100 G\u00dcVENL\u0130 \u00d6DEME&#8221;][\/gsf_icon_box][\/vc_column_inner][\/vc_row_inner][\/vc_column][\/vc_row]<\/p>\n","protected":false},"excerpt":{"rendered":"<p>[vc_row content_width=&#8221;full-desktop&#8221; equal_height=&#8221;yes&#8221; content_placement=&#8221;middle&#8221; el_class=&#8221;lg-pd-left-right-0&#8243; css=&#8221;.vc_custom_1554190529739{padding-right: 85px !important;padding-bottom: 25px !important;padding-left: 85px !important;}&#8221;][vc_column offset=&#8221;vc_col-lg-offset-0 vc_col-lg-2\/5 vc_col-md-offset-0 vc_col-md-6&#8243;][gsf_space desktop=&#8221;0&#8243; tablet=&#8221;40&#8243; tablet_portrait=&#8221;0&#8243; mobile_landscape=&#8221;0&#8243; mobile=&#8221;0&#8243;][gsf_heading text_align=&#8221;text-left justify-content-start&#8221; space_between=&#8221;11|px&#8221; title=&#8221;TCUyN2FpbWVyJTIwS296bWV0aSVDNCU5RmUlMjBIbyVDNSU5RmdlbGRpbml6&#8243; title_color=&#8221;#000000&#8243; title_font_size=&#8221;48||40|34|30&#8243; title_line_height=&#8221;1|em&#8221; sub_title_font_size=&#8221;12||||&#8221; sub_title_letter_spacing=&#8221;0.3|em&#8221; sub_title_use_theme_fonts=&#8221;&#8221; el_class=&#8221;heading-custom-section&#8221; sub_title=&#8221;%100 YERL\u0130 SERMAYE&#8221; sub_title_typography=&#8221;Lato|700|700|normal&#8221;][gsf_space desktop=&#8221;0&#8243; tablet=&#8221;50&#8243; tablet_portrait=&#8221;50&#8243; mobile_landscape=&#8221;50&#8243; mobile=&#8221;40&#8243;][gsf_banner layout_style=&#8221;style-05&#8243; image=&#8221;4854&#8243;][\/gsf_banner][gsf_space desktop=&#8221;0&#8243; tablet=&#8221;50&#8243; tablet_portrait=&#8221;50&#8243; mobile_landscape=&#8221;50&#8243; mobile=&#8221;40&#8243;][\/vc_column][vc_column offset=&#8221;vc_col-lg-offset-1\/5 vc_col-lg-2\/5 vc_col-md-offset-0 vc_col-md-6&#8243;][vc_column_text el_class=&#8221;fs-18&#8243;] 2020 y\u0131l\u0131n [&hellip;]<\/p>\n","protected":false},"author":1,"featured_media":0,"parent":0,"menu_order":0,"comment_status":"closed","ping_status":"closed","template":"","meta":{"footnotes":""},"class_list":["post-1785","page","type-page","status-publish","hentry"],"_links":{"self":[{"href":"https:\/\/laimer.com.tr\/index.php?rest_route=\/wp\/v2\/pages\/1785","targetHints":{"allow":["GET"]}}],"collection":[{"href":"https:\/\/laimer.com.tr\/index.php?rest_route=\/wp\/v2\/pages"}],"about":[{"href":"https:\/\/laimer.com.tr\/index.php?rest_route=\/wp\/v2\/types\/page"}],"author":[{"embeddable":true,"href":"https:\/\/laimer.com.tr\/index.php?rest_route=\/wp\/v2\/users\/1"}],"replies":[{"embeddable":true,"href":"https:\/\/laimer.com.tr\/index.php?rest_route=%2Fwp%2Fv2%2Fcomments&post=1785"}],"version-history":[{"count":4,"href":"https:\/\/laimer.com.tr\/index.php?rest_route=\/wp\/v2\/pages\/1785\/revisions"}],"predecessor-version":[{"id":4883,"href":"https:\/\/laimer.com.tr\/index.php?rest_route=\/wp\/v2\/pages\/1785\/revisions\/4883"}],"wp:attachment":[{"href":"https:\/\/laimer.com.tr\/index.php?rest_route=%2Fwp%2Fv2%2Fmedia&parent=1785"}],"curies":[{"name":"wp","href":"https:\/\/api.w.org\/{rel}","templated":true}]}}