{"id":2116,"date":"2019-03-09T08:58:09","date_gmt":"2019-03-09T08:58:09","guid":{"rendered":"http:\/\/laimer.com.tr\/laimerson\/?page_id=2116"},"modified":"2024-10-08T10:29:24","modified_gmt":"2024-10-08T07:29:24","slug":"iletisim","status":"publish","type":"page","link":"https:\/\/laimer.com.tr\/?page_id=2116","title":{"rendered":"\u0130leti\u015fim"},"content":{"rendered":"<p>[vc_row][vc_column][gsf_space desktop=&#8221;150&#8243; tablet=&#8221;90&#8243; tablet_portrait=&#8221;80&#8243; mobile_landscape=&#8221;60&#8243; mobile=&#8221;40&#8243;][\/vc_column][vc_column offset=&#8221;vc_col-md-4&#8243;][gsf_icon_box text_icon=&#8221;B&#8221; title=&#8221;B\u0130ZE ULA\u015eIN&#8221; el_class=&#8221;custom-box-light&#8221; description=&#8221;Phone 01: (+032) 3456 7890<br \/>\nPhone 02: (+032) 3427 7670&#8243;]<span style=\"color: #7d7d7d;\">Telefon: <a href=\"tel:+902427476112\">(+90) 242 747 61 12<\/a><br \/>\nGSM: <a href=\"tel:+905339780121\">(+90) 533 978 01 21<\/a><\/span>[\/gsf_icon_box][gsf_space desktop=&#8221;134&#8243; tablet=&#8221;75&#8243; tablet_portrait=&#8221;60&#8243; mobile_landscape=&#8221;50&#8243; mobile=&#8221;40&#8243;][\/vc_column][vc_column offset=&#8221;vc_col-md-4&#8243;][gsf_icon_box text_icon=&#8221;Z&#8221; title=&#8221;Z\u0130YARET ED\u0130N&#8221; el_class=&#8221;custom-box-light&#8221; description=&#8221;Hebes Store London Oxford Street,<br \/>\n012 United Kingdom&#8221;]<span style=\"color: #7d7d7d;\">Il\u0131ca Mah. 131 Sok. No:2\/6<br \/>\nManavgat &#8211; ANTALYA<\/span>[\/gsf_icon_box][gsf_space desktop=&#8221;134&#8243; tablet=&#8221;75&#8243; tablet_portrait=&#8221;60&#8243; mobile_landscape=&#8221;50&#8243; mobile=&#8221;40&#8243;][\/vc_column][vc_column offset=&#8221;vc_col-md-4&#8243;][gsf_icon_box text_icon=&#8221;E&#8221; title=&#8221;EPOSTA&#8221; el_class=&#8221;custom-box-light&#8221; description=&#8221;Supportstore@moontheme.net<br \/>\nInfo@moontheme.net&#8221;]<a href=\"mailto:laimerkozmetik@gmail.com\"><span style=\"color: #7d7d7d;\">laimerkozmetik@gmail.com<\/span><\/a>[\/gsf_icon_box][gsf_space desktop=&#8221;134&#8243; tablet=&#8221;75&#8243; tablet_portrait=&#8221;65&#8243; mobile_landscape=&#8221;60&#8243; mobile=&#8221;50&#8243;][\/vc_column][\/vc_row][vc_row][vc_column offset=&#8221;vc_col-lg-offset-2 vc_col-lg-8&#8243;][gsf_heading layout_style=&#8221;style-4&#8243; space_between=&#8221;20|px&#8221; title=&#8221;JUM0JUIwSFJBQ0FUJTIwT0YlQzQlQjBTJUM0JUIwJTIwQURSRVM=&#8221; title_color=&#8221;#ffffff&#8221; title_font_size=&#8221;35|30|30|30|25&#8243; sub_title_line_height=&#8221;1.55|em&#8221; sub_title_letter_spacing=&#8221;0|px&#8221; sub_title_color=&#8221;custom&#8221; title_use_theme_fonts=&#8221;&#8221; sub_title_use_theme_fonts=&#8221;&#8221; css=&#8221;.vc_custom_1662989429883{margin-bottom: 26px !important;}&#8221; sub_title=&#8221;Oytun d\u0131\u015f ticaret ltd.sti Atat\u00fcrk mah yakut cad Z\u00fcmr\u00fct sitesi 2y 7.blok d6 Atasehir istanbul export@oytundisticaret.com.tr&#8221; sub_title_typography=&#8221;Lato|italic|400|italic&#8221; title_typography=&#8221;Montserrat|700|700|normal&#8221;][\/vc_column][vc_column][gsf_space desktop=&#8221;2&#8243; tablet=&#8221;50&#8243; tablet_portrait=&#8221;40&#8243; mobile_landscape=&#8221;20&#8243; mobile=&#8221;0&#8243;][gsf_space desktop=&#8221;2&#8243; tablet=&#8221;50&#8243; tablet_portrait=&#8221;40&#8243; mobile_landscape=&#8221;20&#8243; mobile=&#8221;0&#8243;][gsf_space desktop=&#8221;2&#8243; tablet=&#8221;50&#8243; tablet_portrait=&#8221;40&#8243; mobile_landscape=&#8221;20&#8243; mobile=&#8221;0&#8243;][\/vc_column][\/vc_row][vc_row][vc_column offset=&#8221;vc_col-lg-offset-2 vc_col-lg-8&#8243;][gsf_heading layout_style=&#8221;style-4&#8243; space_between=&#8221;20|px&#8221; title=&#8221;Qml6ZSUyMFlheiVDNCVCMW4=&#8221; title_color=&#8221;#ffffff&#8221; title_font_size=&#8221;48|44|40|34|30&#8243; sub_title_line_height=&#8221;1.55|em&#8221; sub_title_letter_spacing=&#8221;0|px&#8221; sub_title_color=&#8221;custom&#8221; title_use_theme_fonts=&#8221;&#8221; sub_title_use_theme_fonts=&#8221;&#8221; css=&#8221;.vc_custom_1655891745365{margin-bottom: 26px !important;}&#8221; sub_title=&#8221;G\u00f6r\u00fc\u015f ve \u00d6nerileriniz i\u00e7in l\u00fctfen bize yaz\u0131n.&#8221; sub_title_typography=&#8221;Lato|italic|400|italic&#8221; title_typography=&#8221;Montserrat|700|700|normal&#8221;][\/vc_column][vc_column][gsf_space desktop=&#8221;2&#8243; tablet=&#8221;50&#8243; tablet_portrait=&#8221;40&#8243; mobile_landscape=&#8221;20&#8243; mobile=&#8221;0&#8243;]<div role=\"form\" class=\"wpcf7\" id=\"wpcf7-f2140-o1\" lang=\"en-US\" dir=\"ltr\">\n<div class=\"screen-reader-response\"><p role=\"status\" aria-live=\"polite\" aria-atomic=\"true\"><\/p> <ul><\/ul><\/div>\n<form action=\"\/index.php?rest_route=%2Fwp%2Fv2%2Fpages%2F2116#wpcf7-f2140-o1\" method=\"post\" class=\"wpcf7-form init\" novalidate=\"novalidate\" data-status=\"init\">\n<div style=\"display: none;\">\n<input type=\"hidden\" name=\"_wpcf7\" value=\"2140\" \/>\n<input type=\"hidden\" name=\"_wpcf7_version\" value=\"5.6\" \/>\n<input type=\"hidden\" name=\"_wpcf7_locale\" value=\"en_US\" \/>\n<input type=\"hidden\" name=\"_wpcf7_unit_tag\" value=\"wpcf7-f2140-o1\" \/>\n<input type=\"hidden\" name=\"_wpcf7_container_post\" value=\"0\" \/>\n<input type=\"hidden\" name=\"_wpcf7_posted_data_hash\" value=\"\" \/>\n<\/div>\n<div class=\"gsf-contact-form contact-form-3 clearfix\">\n<div class=\"row\">\n<div class=\"ct-field ct-name col-sm-4\">\n<span class=\"wpcf7-form-control-wrap\" data-name=\"your-name\"><input type=\"text\" name=\"your-name\" value=\"\" size=\"40\" class=\"wpcf7-form-control wpcf7-text wpcf7-validates-as-required\" aria-required=\"true\" aria-invalid=\"false\" placeholder=\"Enter your name\" \/><\/span>\n<\/div>\n<div class=\"ct-field ct-email col-sm-4\">\n<span class=\"wpcf7-form-control-wrap\" data-name=\"your-email\"><input type=\"email\" name=\"your-email\" value=\"\" size=\"40\" class=\"wpcf7-form-control wpcf7-text wpcf7-email wpcf7-validates-as-required wpcf7-validates-as-email\" aria-required=\"true\" aria-invalid=\"false\" placeholder=\"Your Email\" \/><\/span>\n<\/div>\n<div class=\"ct-field ct-subject col-sm-4\">\n<span class=\"wpcf7-form-control-wrap\" data-name=\"your-subject\"><input type=\"text\" name=\"your-subject\" value=\"\" size=\"40\" class=\"wpcf7-form-control wpcf7-text wpcf7-validates-as-required\" aria-required=\"true\" aria-invalid=\"false\" placeholder=\"Subject\" \/><\/span>\n<\/div>\n<div class=\"ct-field ct-message col-sm-12\">\n<span class=\"wpcf7-form-control-wrap\" data-name=\"your-message\"><textarea name=\"your-message\" cols=\"40\" rows=\"10\" class=\"wpcf7-form-control wpcf7-textarea wpcf7-validates-as-required\" aria-required=\"true\" aria-invalid=\"false\" placeholder=\"Your message here\"><\/textarea><\/span>\n<\/div>\n<div class=\"clearfix\"><\/div>\n<\/div>\n<div class=\"btn-submit text-center\">\n<input type=\"submit\" value=\"SEND TO US\" class=\"wpcf7-form-control has-spinner wpcf7-submit btn btn-primary btn-round btn-md\" \/>\n<\/div>\n<\/div>\n<div class=\"wpcf7-response-output\" aria-hidden=\"true\"><\/div><\/form><\/div>[gsf_space desktop=&#8221;80&#8243; tablet=&#8221;60&#8243; tablet_portrait=&#8221;55&#8243; mobile_landscape=&#8221;50&#8243; mobile=&#8221;40&#8243;][\/vc_column][\/vc_row][vc_row content_width=&#8221;full&#8221;][vc_column][gsf_google_map markers=&#8221;%5B%7B%22address%22%3A%22Il%C4%B1ca%20Mahallesi%20131%20Sokak%20No%3A2%2F6%20Manavgat%22%2C%22title%22%3A%22L&#8217;aimer%20Kozmetik%22%2C%22icon%22%3A%22830%22%7D%5D&#8221; map_height=&#8221;700|px&#8221; map_zoom=&#8221;15&#8243; map_style=&#8221;dark&#8221; api_key=&#8221;AIzaSyA8GLJBiOaMtC6ys4cDWPogGR4gPXrafeU&#8221;][\/vc_column][\/vc_row]<\/p>\n","protected":false},"excerpt":{"rendered":"<p>[vc_row][vc_column][gsf_space desktop=&#8221;150&#8243; tablet=&#8221;90&#8243; tablet_portrait=&#8221;80&#8243; mobile_landscape=&#8221;60&#8243; mobile=&#8221;40&#8243;][\/vc_column][vc_column offset=&#8221;vc_col-md-4&#8243;][gsf_icon_box text_icon=&#8221;B&#8221; title=&#8221;B\u0130ZE ULA\u015eIN&#8221; el_class=&#8221;custom-box-light&#8221; description=&#8221;Phone 01: (+032) 3456 7890 Phone 02: (+032) 3427 7670&#8243;]Telefon: (+90) 242 747 61 12 GSM: (+90) 533 978 01 21[\/gsf_icon_box][gsf_space desktop=&#8221;134&#8243; tablet=&#8221;75&#8243; tablet_portrait=&#8221;60&#8243; mobile_landscape=&#8221;50&#8243; mobile=&#8221;40&#8243;][\/vc_column][vc_column offset=&#8221;vc_col-md-4&#8243;][gsf_icon_box text_icon=&#8221;Z&#8221; title=&#8221;Z\u0130YARET ED\u0130N&#8221; el_class=&#8221;custom-box-light&#8221; description=&#8221;Hebes Store London Oxford Street, 012 United Kingdom&#8221;]Il\u0131ca Mah. 131 Sok. No:2\/6 Manavgat [&hellip;]<\/p>\n","protected":false},"author":1,"featured_media":0,"parent":0,"menu_order":0,"comment_status":"closed","ping_status":"closed","template":"","meta":{"footnotes":""},"class_list":["post-2116","page","type-page","status-publish","hentry"],"_links":{"self":[{"href":"https:\/\/laimer.com.tr\/index.php?rest_route=\/wp\/v2\/pages\/2116","targetHints":{"allow":["GET"]}}],"collection":[{"href":"https:\/\/laimer.com.tr\/index.php?rest_route=\/wp\/v2\/pages"}],"about":[{"href":"https:\/\/laimer.com.tr\/index.php?rest_route=\/wp\/v2\/types\/page"}],"author":[{"embeddable":true,"href":"https:\/\/laimer.com.tr\/index.php?rest_route=\/wp\/v2\/users\/1"}],"replies":[{"embeddable":true,"href":"https:\/\/laimer.com.tr\/index.php?rest_route=%2Fwp%2Fv2%2Fcomments&post=2116"}],"version-history":[{"count":11,"href":"https:\/\/laimer.com.tr\/index.php?rest_route=\/wp\/v2\/pages\/2116\/revisions"}],"predecessor-version":[{"id":4956,"href":"https:\/\/laimer.com.tr\/index.php?rest_route=\/wp\/v2\/pages\/2116\/revisions\/4956"}],"wp:attachment":[{"href":"https:\/\/laimer.com.tr\/index.php?rest_route=%2Fwp%2Fv2%2Fmedia&parent=2116"}],"curies":[{"name":"wp","href":"https:\/\/api.w.org\/{rel}","templated":true}]}}