{"id":214,"date":"2018-06-14T16:43:20","date_gmt":"2018-06-14T16:43:20","guid":{"rendered":"http:\/\/laimer.com.tr\/laimerson\/?page_id=214"},"modified":"2024-02-26T14:16:50","modified_gmt":"2024-02-26T11:16:50","slug":"home-05","status":"publish","type":"page","link":"https:\/\/laimer.com.tr\/","title":{"rendered":"Anasayfa"},"content":{"rendered":"<p>[vc_row content_width=&#8221;full&#8221; el_class=&#8221;row-custom-cols-width,vc_row-no-padding&#8221;][vc_column offset=&#8221;vc_col-lg-9&#8243;][rev_slider_vc alias=&#8221;home05&#8243;][\/vc_column][vc_column el_class=&#8221;custom-column-scroll,lg-up-pd-left-right-20-percent&#8221; offset=&#8221;vc_col-lg-3&#8243;][gsf_space desktop=&#8221;118&#8243; tablet=&#8221;100&#8243; tablet_portrait=&#8221;90&#8243; mobile_landscape=&#8221;70&#8243; mobile=&#8221;60&#8243;][vc_column_text el_class=&#8221;catalog-wrap&#8221;]<\/p>\n<p class=\"catalog-text\">Katalog<\/p>\n<p>[\/vc_column_text][gsf_space desktop=&#8221;67&#8243; tablet=&#8221;60&#8243; tablet_portrait=&#8221;55&#8243; mobile_landscape=&#8221;50&#8243; mobile=&#8221;45&#8243;][vc_row_inner el_class=&#8221;brightness-img-on-hover&#8221;][vc_column_inner width=&#8221;1\/3&#8243; offset=&#8221;vc_col-lg-6 vc_col-md-3 vc_col-xs-6&#8243;][vc_single_image image=&#8221;4830&#8243; img_size=&#8221;30&#215;60&#8243; alignment=&#8221;center&#8221; onclick=&#8221;custom_link&#8221; link=&#8221;https:\/\/laimer.com.tr\/?product_cat=kolonyalar&#8221;][vc_column_text el_class=&#8221;text-center,mg-bottom-30&#8243;]<\/p>\n<p style=\"letter-spacing: -0.04em; color: #555;\"><a href=\"https:\/\/laimer.com.tr\/?product_cat=kolonyalar\">Kolonyalar<\/a><\/p>\n<p>[\/vc_column_text][\/vc_column_inner][vc_column_inner width=&#8221;1\/3&#8243; offset=&#8221;vc_col-lg-6 vc_col-md-3 vc_col-xs-6&#8243;][vc_single_image image=&#8221;4831&#8243; img_size=&#8221;60&#215;60&#8243; alignment=&#8221;center&#8221; onclick=&#8221;custom_link&#8221; link=&#8221;https:\/\/laimer.com.tr\/?product_cat=parfumler&#8221;][vc_column_text el_class=&#8221;text-center,mg-bottom-30&#8243;]<\/p>\n<p style=\"letter-spacing: -0.04em; color: #555;\"><a href=\"https:\/\/laimer.com.tr\/?product_cat=parfumler\">Parf\u00fcmler<\/a><\/p>\n<p>[\/vc_column_text][\/vc_column_inner][vc_column_inner width=&#8221;1\/3&#8243; offset=&#8221;vc_col-lg-6 vc_col-md-3 vc_col-xs-6&#8243;][vc_single_image image=&#8221;4832&#8243; img_size=&#8221;30&#215;60&#8243; alignment=&#8221;center&#8221; onclick=&#8221;custom_link&#8221; link=&#8221;https:\/\/laimer.com.tr\/?product_cat=vucut-spreyleri&#8221;][vc_column_text el_class=&#8221;text-center,mg-bottom-30&#8243;]<\/p>\n<p style=\"letter-spacing: -0.04em; color: #555;\"><a href=\"https:\/\/laimer.com.tr\/?product_cat=vucut-spreyleri\">V\u00fccut Spreyleri<\/a><\/p>\n<p>[\/vc_column_text][\/vc_column_inner][vc_column_inner width=&#8221;1\/3&#8243; offset=&#8221;vc_col-lg-6 vc_col-md-3 vc_col-xs-6&#8243;][vc_single_image image=&#8221;4833&#8243; img_size=&#8221;35&#215;60&#8243; alignment=&#8221;center&#8221; onclick=&#8221;custom_link&#8221; link=&#8221;https:\/\/laimer.com.tr\/?product_cat=masaj-yaglari&#8221;][vc_column_text el_class=&#8221;text-center,mg-bottom-30&#8243;]<\/p>\n<p style=\"letter-spacing: -0.04em; color: #555;\"><a href=\"https:\/\/laimer.com.tr\/?product_cat=masaj-yaglari\">Masaj Ya\u011flar\u0131<\/a><\/p>\n<p>[\/vc_column_text][\/vc_column_inner][vc_column_inner width=&#8221;1\/3&#8243; offset=&#8221;vc_col-lg-6 vc_col-md-3 vc_col-xs-6&#8243;][vc_single_image image=&#8221;4834&#8243; img_size=&#8221;35&#215;60&#8243; alignment=&#8221;center&#8221; onclick=&#8221;custom_link&#8221; link=&#8221;https:\/\/laimer.com.tr\/?product_cat=sac-bakimi&#8221;][vc_column_text el_class=&#8221;text-center,mg-bottom-30&#8243;]<\/p>\n<p style=\"letter-spacing: -0.04em; color: #555;\"><a href=\"https:\/\/laimer.com.tr\/?product_cat=sac-bakimi\">Sa\u00e7 Bak\u0131m\u0131<\/a><\/p>\n<p>[\/vc_column_text][\/vc_column_inner][vc_column_inner width=&#8221;1\/3&#8243; offset=&#8221;vc_col-lg-6 vc_col-md-3 vc_col-xs-6&#8243;][vc_single_image image=&#8221;4835&#8243; img_size=&#8221;60&#215;60&#8243; alignment=&#8221;center&#8221; onclick=&#8221;custom_link&#8221; link=&#8221;https:\/\/laimer.com.tr\/?product_cat=temizlik-urunleri&#8221;][vc_column_text el_class=&#8221;text-center,mg-bottom-30&#8243;]<\/p>\n<p style=\"letter-spacing: -0.04em; color: #555;\"><a href=\"https:\/\/laimer.com.tr\/?product_cat=temizlik-urunleri\">Temizlik \u00dcr\u00fcnleri<\/a><\/p>\n<p>[\/vc_column_text][\/vc_column_inner][vc_column_inner width=&#8221;1\/3&#8243; offset=&#8221;vc_col-lg-6 vc_col-md-3 vc_col-xs-6&#8243;][vc_single_image image=&#8221;4836&#8243; img_size=&#8221;60&#215;60&#8243; alignment=&#8221;center&#8221; onclick=&#8221;custom_link&#8221; link=&#8221;#https:\/\/laimer.com.tr\/?product_cat=dus-jeli&#8221;][vc_column_text el_class=&#8221;text-center,mg-bottom-30&#8243;]<\/p>\n<p style=\"letter-spacing: -0.04em; color: #555;\"><a href=\"https:\/\/laimer.com.tr\/?product_cat=dus-jeli\">Du\u015f Jelleri<\/a><\/p>\n<p>[\/vc_column_text][\/vc_column_inner][vc_column_inner width=&#8221;1\/3&#8243; offset=&#8221;vc_col-lg-6 vc_col-md-3 vc_col-xs-6&#8243;][vc_single_image image=&#8221;4837&#8243; img_size=&#8221;60&#215;60&#8243; alignment=&#8221;center&#8221; onclick=&#8221;custom_link&#8221; link=&#8221;https:\/\/laimer.com.tr\/?product_cat=oto-kokulari&#8221;][vc_column_text el_class=&#8221;text-center,mg-bottom-30&#8243;]<\/p>\n<p style=\"letter-spacing: -0.04em; color: #555;\"><a href=\"https:\/\/laimer.com.tr\/?product_cat=oto-kokulari\">Oto Kokular\u0131<\/a><\/p>\n<p>[\/vc_column_text][\/vc_column_inner][vc_column_inner width=&#8221;1\/3&#8243; offset=&#8221;vc_col-lg-6 vc_col-md-3 vc_col-xs-6&#8243;][vc_single_image image=&#8221;4838&#8243; img_size=&#8221;60&#215;60&#8243; alignment=&#8221;center&#8221; onclick=&#8221;custom_link&#8221; link=&#8221;https:\/\/laimer.com.tr\/?product_cat=evcil-hayvanlar&#8221;][vc_column_text el_class=&#8221;text-center,mg-bottom-30&#8243;]<\/p>\n<p style=\"letter-spacing: -0.04em; color: #555;\"><a href=\"https:\/\/laimer.com.tr\/?product_cat=evcil-hayvanlar\">Kedi K\u00f6pek \u015eampuan\u0131<\/a><\/p>\n<p>[\/vc_column_text][\/vc_column_inner][vc_column_inner width=&#8221;1\/3&#8243; offset=&#8221;vc_col-lg-6 vc_col-md-3 vc_col-xs-6&#8243;][vc_single_image image=&#8221;1585&#8243; img_size=&#8221;full&#8221; alignment=&#8221;center&#8221; onclick=&#8221;custom_link&#8221; link=&#8221;https:\/\/laimer.com.tr\/?post_type=product&#8221;][vc_column_text el_class=&#8221;text-center,mg-bottom-30&#8243;]<\/p>\n<p style=\"letter-spacing: -0.04em; color: #555;\"><a href=\"https:\/\/laimer.com.tr\/laimerson\/magaza\/\">T\u00fcm \u00dcr\u00fcnlerimiz<\/a><\/p>\n<p>[\/vc_column_text][\/vc_column_inner][\/vc_row_inner][\/vc_column][\/vc_row][vc_row][vc_column][gsf_space desktop=&#8221;145&#8243; tablet=&#8221;80&#8243; tablet_portrait=&#8221;70&#8243; mobile_landscape=&#8221;60&#8243; mobile=&#8221;50&#8243;][gsf_testimonials values=&#8221;%5B%7B%22author_bio%22%3A%22%3Cspan%20style%3D%5C%22color%3A%23898989%3Bfont-style%3Aitalic%5C%22%3E%5C%22%20%25100%20Yerli%20Sermaye%20%E2%80%9D%3C%2Fspan%3E%22%7D%2C%7B%22author_bio%22%3A%22%3Cspan%20style%3D%5C%22color%3A%23898989%3Bfont-style%3Aitalic%5C%22%3E%5C%22%20%C3%9Cr%C3%BCnlerimiz%20Organiktir%20%E2%80%9D%3C%2Fspan%3E%22%7D%5D&#8221; nav=&#8221;&#8221; columns=&#8221;1&#8243; columns_md=&#8221;1&#8243; columns_sm=&#8221;1&#8243; columns_xs=&#8221;1&#8243; columns_mb=&#8221;1&#8243; el_class=&#8221;&#8221;][gsf_space desktop=&#8221;145&#8243; tablet=&#8221;115&#8243; tablet_portrait=&#8221;85&#8243; mobile_landscape=&#8221;60&#8243; mobile=&#8221;50&#8243;][\/vc_column][\/vc_row][vc_row el_class=&#8221;lg-pd-left-right-0&#8243; css=&#8221;.vc_custom_1553571975734{padding-right: 85px !important;padding-left: 85px !important;}&#8221;][vc_column][vc_row_inner][vc_column_inner offset=&#8221;vc_col-md-4&#8243;][gsf_icon_box text_icon=&#8221;K&#8221; title=&#8221;\u00dccretsiz Kargo&#8221; subtitle=&#8221;T\u00fcm \u00fcr\u00fcnlerimizde kargo \u00fccreti alm\u0131yoruz&#8221;][\/gsf_icon_box][gsf_space desktop=&#8221;137&#8243; tablet=&#8221;115&#8243; tablet_portrait=&#8221;60&#8243; mobile_landscape=&#8221;50&#8243; mobile=&#8221;40&#8243;][\/vc_column_inner][vc_column_inner offset=&#8221;vc_col-md-4&#8243;][gsf_icon_box text_icon=&#8221;D&#8221; title=&#8221;Destek Hatt\u0131&#8221; subtitle=&#8221;7\/24 Destek&#8221;][\/gsf_icon_box][gsf_space desktop=&#8221;137&#8243; tablet=&#8221;115&#8243; tablet_portrait=&#8221;60&#8243; mobile_landscape=&#8221;50&#8243; mobile=&#8221;40&#8243;][\/vc_column_inner][vc_column_inner offset=&#8221;vc_col-md-4&#8243;][gsf_icon_box text_icon=&#8221;\u00d6&#8221; title=&#8221;G\u00fcvenli \u00d6deme&#8221; subtitle=&#8221;%100 G\u00fcvenli \u00d6deme Sistemi&#8221;][\/gsf_icon_box][gsf_space desktop=&#8221;137&#8243; tablet=&#8221;115&#8243; tablet_portrait=&#8221;85&#8243; mobile_landscape=&#8221;60&#8243; mobile=&#8221;50&#8243;][\/vc_column_inner][\/vc_row_inner][\/vc_column][\/vc_row][vc_row content_width=&#8221;full-desktop&#8221; el_class=&#8221;lg-pd-left-right-0&#8243; css=&#8221;.vc_custom_1553568006384{padding-right: 85px !important;padding-left: 85px !important;}&#8221;][vc_column][gsf_heading title=&#8221;JUMzJTlDciVDMyVCQ24lMjBLYXRlZ29yaWxlcmltaXo=&#8221; title_color=&#8221;#333333&#8243; title_font_size=&#8221;48|44|40|34|30&#8243;][gsf_space desktop=&#8221;155&#8243; tablet=&#8221;120&#8243; tablet_portrait=&#8221;100&#8243; mobile_landscape=&#8221;80&#8243; mobile=&#8221;60&#8243;][\/vc_column][vc_column width=&#8221;1\/2&#8243;][gsf_banner layout_style=&#8221;style-03&#8243; hover_effect=&#8221;flash-effect&#8221; image=&#8221;4908&#8243; banner_title=&#8221;Kolonya Gruplar\u0131&#8221; sub_title=&#8221;Uzun s\u00fcre kal\u0131c\u0131 koku&#8221;][\/gsf_banner][vc_column_text]<\/p>\n<p class=\"element-index\">01<\/p>\n<p>[\/vc_column_text][\/vc_column][vc_column width=&#8221;1\/2&#8243;][gsf_space desktop=&#8221;40&#8243; tablet=&#8221;0&#8243; tablet_portrait=&#8221;0&#8243; mobile_landscape=&#8221;0&#8243; mobile=&#8221;0&#8243;][vc_row_inner][vc_column_inner offset=&#8221;vc_col-lg-offset-4 vc_col-lg-5 vc_col-md-offset-1 vc_col-md-10&#8243;][gsf_product_singular image_size=&#8221;370&#215;470&#8243; product_ids=&#8221;3220&#8243; images=&#8221;4764&#8243;][\/vc_column_inner][\/vc_row_inner][vc_column_text]<\/p>\n<p class=\"single-featured-text\">KISA S\u00dcRE \u0130\u00c7\u0130N %25 \u0130ND\u0130R\u0130M<\/p>\n<p>[\/vc_column_text][\/vc_column][vc_column][gsf_space desktop=&#8221;135&#8243; tablet=&#8221;100&#8243; tablet_portrait=&#8221;80&#8243; mobile_landscape=&#8221;70&#8243; mobile=&#8221;60&#8243;][\/vc_column][vc_column width=&#8221;1\/2&#8243;][vc_row_inner][vc_column_inner offset=&#8221;vc_col-lg-offset-3 vc_col-lg-5 vc_col-md-offset-1 vc_col-md-10&#8243;][gsf_product_singular image_size=&#8221;370&#215;470&#8243; product_ids=&#8221;259&#8243; images=&#8221;4782&#8243;][\/vc_column_inner][\/vc_row_inner][vc_column_text]<\/p>\n<p class=\"single-featured-text featured-text-left\">YEN\u0130 \u00dcR\u00dcNLER\u0130M\u0130Z<\/p>\n<p>[\/vc_column_text][\/vc_column][vc_column width=&#8221;1\/2&#8243;][gsf_banner layout_style=&#8221;style-03&#8243; hover_effect=&#8221;flash-effect&#8221; el_class=&#8221;sm-mg-top-30&#8243; image=&#8221;4892&#8243; banner_title=&#8221;Masaj Ya\u011f\u0131 Grubumuz Grubumuz&#8221; sub_title=&#8221;Kokusuna doyamaca\u011f\u0131n\u0131z Masaj Ya\u011flar\u0131&#8221;][\/gsf_banner][vc_column_text]<\/p>\n<p class=\"element-index\">02<\/p>\n<p>[\/vc_column_text][\/vc_column][vc_column][gsf_space desktop=&#8221;135&#8243; tablet=&#8221;100&#8243; tablet_portrait=&#8221;90&#8243; mobile_landscape=&#8221;80&#8243; mobile=&#8221;70&#8243;][\/vc_column][vc_column width=&#8221;1\/2&#8243;][gsf_banner layout_style=&#8221;style-03&#8243; hover_effect=&#8221;flash-effect&#8221; image=&#8221;4850&#8243; banner_title=&#8221;Sa\u00e7 Bak\u0131m\u0131 Grubumuz&#8221; sub_title=&#8221;Sa\u00e7lar\u0131n\u0131za \u00d6zen G\u00f6sterin&#8221;][\/gsf_banner][vc_column_text]<\/p>\n<p class=\"element-index\">03<\/p>\n<p>[\/vc_column_text][\/vc_column][vc_column width=&#8221;1\/2&#8243;][vc_row_inner][vc_column_inner offset=&#8221;vc_col-lg-offset-4 vc_col-lg-5 vc_col-md-offset-1 vc_col-md-10&#8243;][gsf_product_singular image_size=&#8221;370&#215;470&#8243; product_ids=&#8221;4827&#8243; images=&#8221;4828&#8243;][\/vc_column_inner][\/vc_row_inner][vc_column_text]<\/p>\n<p class=\"single-featured-text\">SA\u00c7 BAKIMI \u00d6NEML\u0130D\u0130R<\/p>\n<p>[\/vc_column_text][\/vc_column][vc_column][gsf_space desktop=&#8221;93&#8243; tablet=&#8221;70&#8243; tablet_portrait=&#8221;60&#8243; mobile_landscape=&#8221;50&#8243; mobile=&#8221;50&#8243;][\/vc_column][\/vc_row][vc_row content_placement=&#8221;bottom&#8221; el_class=&#8221;lg-mg-left-right&#8211;15&#8243; css=&#8221;.vc_custom_1553928905334{margin-right: 85px !important;margin-left: 85px !important;background-image: url(https:\/\/laimer.com.tr\/laimerson\/wp-content\/uploads\/2019\/03\/05_home05.jpg?id=3951) !important;background-position: center !important;background-repeat: no-repeat !important;background-size: cover !important;}&#8221;][vc_column][gsf_space desktop=&#8221;165&#8243; tablet=&#8221;130&#8243; tablet_portrait=&#8221;110&#8243; mobile_landscape=&#8221;90&#8243; mobile=&#8221;70&#8243;][\/vc_column][vc_column width=&#8221;1\/2&#8243;][vc_column_text]<\/p>\n<div class=\"banner-custom-01\">\n<p class=\"banner-vertical-text\">TOPTAN<\/p>\n<p class=\"featured-text\">S\u0130PAR\u0130\u015eLER\u0130N\u0130ZDE<\/p>\n<p class=\"banner-sale-value\">%30&#8217;A VARAN<\/p>\n<p class=\"banner-sale-product\">\u0130ND\u0130R\u0130M<\/p>\n<\/div>\n<p>[\/vc_column_text][\/vc_column][vc_column width=&#8221;1\/2&#8243; css=&#8221;.vc_custom_1550738710008{padding-top: 30px !important;padding-bottom: 10px !important;}&#8221;][\/vc_column][vc_column][gsf_space desktop=&#8221;175&#8243; tablet=&#8221;140&#8243; tablet_portrait=&#8221;110&#8243; mobile_landscape=&#8221;90&#8243; mobile=&#8221;70&#8243;][\/vc_column][\/vc_row][vc_row container_width=&#8221;limit&#8221;][vc_column offset=&#8221;vc_col-lg-offset-2 vc_col-lg-8 vc_col-md-offset-1 vc_col-md-10&#8243;][\/vc_column][\/vc_row]<\/p>\n","protected":false},"excerpt":{"rendered":"<p>[vc_row content_width=&#8221;full&#8221; el_class=&#8221;row-custom-cols-width,vc_row-no-padding&#8221;][vc_column offset=&#8221;vc_col-lg-9&#8243;][rev_slider_vc alias=&#8221;home05&#8243;][\/vc_column][vc_column el_class=&#8221;custom-column-scroll,lg-up-pd-left-right-20-percent&#8221; offset=&#8221;vc_col-lg-3&#8243;][gsf_space desktop=&#8221;118&#8243; tablet=&#8221;100&#8243; tablet_portrait=&#8221;90&#8243; mobile_landscape=&#8221;70&#8243; mobile=&#8221;60&#8243;][vc_column_text el_class=&#8221;catalog-wrap&#8221;] Katalog [\/vc_column_text][gsf_space desktop=&#8221;67&#8243; tablet=&#8221;60&#8243; tablet_portrait=&#8221;55&#8243; mobile_landscape=&#8221;50&#8243; mobile=&#8221;45&#8243;][vc_row_inner el_class=&#8221;brightness-img-on-hover&#8221;][vc_column_inner width=&#8221;1\/3&#8243; offset=&#8221;vc_col-lg-6 vc_col-md-3 vc_col-xs-6&#8243;][vc_single_image image=&#8221;4830&#8243; img_size=&#8221;30&#215;60&#8243; alignment=&#8221;center&#8221; onclick=&#8221;custom_link&#8221; link=&#8221;https:\/\/laimer.com.tr\/?product_cat=kolonyalar&#8221;][vc_column_text el_class=&#8221;text-center,mg-bottom-30&#8243;] Kolonyalar [\/vc_column_text][\/vc_column_inner][vc_column_inner width=&#8221;1\/3&#8243; offset=&#8221;vc_col-lg-6 vc_col-md-3 vc_col-xs-6&#8243;][vc_single_image image=&#8221;4831&#8243; img_size=&#8221;60&#215;60&#8243; alignment=&#8221;center&#8221; onclick=&#8221;custom_link&#8221; link=&#8221;https:\/\/laimer.com.tr\/?product_cat=parfumler&#8221;][vc_column_text el_class=&#8221;text-center,mg-bottom-30&#8243;] Parf\u00fcmler [\/vc_column_text][\/vc_column_inner][vc_column_inner width=&#8221;1\/3&#8243; offset=&#8221;vc_col-lg-6 vc_col-md-3 vc_col-xs-6&#8243;][vc_single_image image=&#8221;4832&#8243; img_size=&#8221;30&#215;60&#8243; alignment=&#8221;center&#8221; onclick=&#8221;custom_link&#8221; link=&#8221;https:\/\/laimer.com.tr\/?product_cat=vucut-spreyleri&#8221;][vc_column_text el_class=&#8221;text-center,mg-bottom-30&#8243;] [&hellip;]<\/p>\n","protected":false},"author":1,"featured_media":0,"parent":0,"menu_order":0,"comment_status":"closed","ping_status":"closed","template":"","meta":{"footnotes":""},"class_list":["post-214","page","type-page","status-publish","hentry"],"_links":{"self":[{"href":"https:\/\/laimer.com.tr\/index.php?rest_route=\/wp\/v2\/pages\/214","targetHints":{"allow":["GET"]}}],"collection":[{"href":"https:\/\/laimer.com.tr\/index.php?rest_route=\/wp\/v2\/pages"}],"about":[{"href":"https:\/\/laimer.com.tr\/index.php?rest_route=\/wp\/v2\/types\/page"}],"author":[{"embeddable":true,"href":"https:\/\/laimer.com.tr\/index.php?rest_route=\/wp\/v2\/users\/1"}],"replies":[{"embeddable":true,"href":"https:\/\/laimer.com.tr\/index.php?rest_route=%2Fwp%2Fv2%2Fcomments&post=214"}],"version-history":[{"count":15,"href":"https:\/\/laimer.com.tr\/index.php?rest_route=\/wp\/v2\/pages\/214\/revisions"}],"predecessor-version":[{"id":4952,"href":"https:\/\/laimer.com.tr\/index.php?rest_route=\/wp\/v2\/pages\/214\/revisions\/4952"}],"wp:attachment":[{"href":"https:\/\/laimer.com.tr\/index.php?rest_route=%2Fwp%2Fv2%2Fmedia&parent=214"}],"curies":[{"name":"wp","href":"https:\/\/api.w.org\/{rel}","templated":true}]}}