{"id":243,"date":"2018-06-21T09:16:23","date_gmt":"2018-06-21T09:16:23","guid":{"rendered":"http:\/\/laimer.com.tr\/laimerson\/product\/import-placeholder-for-60\/"},"modified":"2022-06-22T13:41:28","modified_gmt":"2022-06-22T10:41:28","slug":"boyali-saclar","status":"publish","type":"product","link":"https:\/\/laimer.com.tr\/?product=boyali-saclar","title":{"rendered":"L&#8217;aimer Boyal\u0131 Sa\u00e7lar \u0130\u00e7in \u015eampuan"},"content":{"rendered":"","protected":false},"excerpt":{"rendered":"","protected":false},"featured_media":4804,"comment_status":"open","ping_status":"closed","template":"","meta":[],"product_cat":[80],"product_tag":[],"class_list":{"0":"post-243","1":"product","2":"type-product","3":"status-publish","4":"has-post-thumbnail","6":"product_cat-sac-bakimi","8":"first","9":"instock","10":"shipping-taxable","11":"product-type-simple"},"_links":{"self":[{"href":"https:\/\/laimer.com.tr\/index.php?rest_route=\/wp\/v2\/product\/243","targetHints":{"allow":["GET"]}}],"collection":[{"href":"https:\/\/laimer.com.tr\/index.php?rest_route=\/wp\/v2\/product"}],"about":[{"href":"https:\/\/laimer.com.tr\/index.php?rest_route=\/wp\/v2\/types\/product"}],"replies":[{"embeddable":true,"href":"https:\/\/laimer.com.tr\/index.php?rest_route=%2Fwp%2Fv2%2Fcomments&post=243"}],"wp:featuredmedia":[{"embeddable":true,"href":"https:\/\/laimer.com.tr\/index.php?rest_route=\/wp\/v2\/media\/4804"}],"wp:attachment":[{"href":"https:\/\/laimer.com.tr\/index.php?rest_route=%2Fwp%2Fv2%2Fmedia&parent=243"}],"wp:term":[{"taxonomy":"product_cat","embeddable":true,"href":"https:\/\/laimer.com.tr\/index.php?rest_route=%2Fwp%2Fv2%2Fproduct_cat&post=243"},{"taxonomy":"product_tag","embeddable":true,"href":"https:\/\/laimer.com.tr\/index.php?rest_route=%2Fwp%2Fv2%2Fproduct_tag&post=243"}],"curies":[{"name":"wp","href":"https:\/\/api.w.org\/{rel}","templated":true}]}}