{"id":3215,"date":"2019-03-25T03:35:56","date_gmt":"2019-03-25T03:35:56","guid":{"rendered":"http:\/\/laimer.com.tr\/laimerson\/?post_type=product&#038;p=3215"},"modified":"2022-06-21T14:06:40","modified_gmt":"2022-06-21T11:06:40","slug":"yasemin-cicegi-kolonyasi","status":"publish","type":"product","link":"https:\/\/laimer.com.tr\/?product=yasemin-cicegi-kolonyasi","title":{"rendered":"L&#8217;aimer Yasemin \u00c7i\u00e7e\u011fi Kolonyas\u0131"},"content":{"rendered":"","protected":false},"excerpt":{"rendered":"","protected":false},"featured_media":4769,"comment_status":"open","ping_status":"closed","template":"","meta":[],"product_cat":[74],"product_tag":[],"class_list":{"0":"post-3215","1":"product","2":"type-product","3":"status-publish","4":"has-post-thumbnail","6":"product_cat-kolonyalar","8":"first","9":"instock","10":"shipping-taxable","11":"product-type-simple"},"_links":{"self":[{"href":"https:\/\/laimer.com.tr\/index.php?rest_route=\/wp\/v2\/product\/3215","targetHints":{"allow":["GET"]}}],"collection":[{"href":"https:\/\/laimer.com.tr\/index.php?rest_route=\/wp\/v2\/product"}],"about":[{"href":"https:\/\/laimer.com.tr\/index.php?rest_route=\/wp\/v2\/types\/product"}],"replies":[{"embeddable":true,"href":"https:\/\/laimer.com.tr\/index.php?rest_route=%2Fwp%2Fv2%2Fcomments&post=3215"}],"wp:featuredmedia":[{"embeddable":true,"href":"https:\/\/laimer.com.tr\/index.php?rest_route=\/wp\/v2\/media\/4769"}],"wp:attachment":[{"href":"https:\/\/laimer.com.tr\/index.php?rest_route=%2Fwp%2Fv2%2Fmedia&parent=3215"}],"wp:term":[{"taxonomy":"product_cat","embeddable":true,"href":"https:\/\/laimer.com.tr\/index.php?rest_route=%2Fwp%2Fv2%2Fproduct_cat&post=3215"},{"taxonomy":"product_tag","embeddable":true,"href":"https:\/\/laimer.com.tr\/index.php?rest_route=%2Fwp%2Fv2%2Fproduct_tag&post=3215"}],"curies":[{"name":"wp","href":"https:\/\/api.w.org\/{rel}","templated":true}]}}