{"id":3217,"date":"2019-03-25T03:42:51","date_gmt":"2019-03-25T03:42:51","guid":{"rendered":"http:\/\/laimer.com.tr\/laimerson\/?post_type=product&#038;p=3217"},"modified":"2022-06-21T14:04:28","modified_gmt":"2022-06-21T11:04:28","slug":"zeytin-cicegi-kolonyasi","status":"publish","type":"product","link":"https:\/\/laimer.com.tr\/?product=zeytin-cicegi-kolonyasi","title":{"rendered":"L&#8217;aimer Zeytin \u00c7i\u00e7e\u011fi Kolonyas\u0131"},"content":{"rendered":"","protected":false},"excerpt":{"rendered":"","protected":false},"featured_media":4766,"comment_status":"open","ping_status":"closed","template":"","meta":[],"product_cat":[74],"product_tag":[],"class_list":{"0":"post-3217","1":"product","2":"type-product","3":"status-publish","4":"has-post-thumbnail","6":"product_cat-kolonyalar","8":"first","9":"instock","10":"shipping-taxable","11":"product-type-simple"},"_links":{"self":[{"href":"https:\/\/laimer.com.tr\/index.php?rest_route=\/wp\/v2\/product\/3217","targetHints":{"allow":["GET"]}}],"collection":[{"href":"https:\/\/laimer.com.tr\/index.php?rest_route=\/wp\/v2\/product"}],"about":[{"href":"https:\/\/laimer.com.tr\/index.php?rest_route=\/wp\/v2\/types\/product"}],"replies":[{"embeddable":true,"href":"https:\/\/laimer.com.tr\/index.php?rest_route=%2Fwp%2Fv2%2Fcomments&post=3217"}],"wp:featuredmedia":[{"embeddable":true,"href":"https:\/\/laimer.com.tr\/index.php?rest_route=\/wp\/v2\/media\/4766"}],"wp:attachment":[{"href":"https:\/\/laimer.com.tr\/index.php?rest_route=%2Fwp%2Fv2%2Fmedia&parent=3217"}],"wp:term":[{"taxonomy":"product_cat","embeddable":true,"href":"https:\/\/laimer.com.tr\/index.php?rest_route=%2Fwp%2Fv2%2Fproduct_cat&post=3217"},{"taxonomy":"product_tag","embeddable":true,"href":"https:\/\/laimer.com.tr\/index.php?rest_route=%2Fwp%2Fv2%2Fproduct_tag&post=3217"}],"curies":[{"name":"wp","href":"https:\/\/api.w.org\/{rel}","templated":true}]}}